{"id":431,"date":"2025-12-02T23:51:17","date_gmt":"2025-12-02T23:51:17","guid":{"rendered":"https:\/\/stach-food.nl\/?page_id=431"},"modified":"2026-04-14T12:02:06","modified_gmt":"2026-04-14T12:02:06","slug":"menu","status":"publish","type":"page","link":"https:\/\/stach-food.nl\/en\/menu\/","title":{"rendered":"Menu"},"content":{"rendered":"<section class=\"bde-section-431-636 bde-section\">\n  \n  \n\t\n\n\n\n<div class=\"section-container\"><h1 class=\"bde-heading-431-637 bde-heading\">\n<span style=\"font-weight: normal;\">Assortment<\/span>\n<\/h1><p class=\"bde-text-431-638 bde-text\">\nSTACH is there for you at any moment of the day. For delicious coffees, the tastiest cookies, freshly made sandwiches, and surprising products for the office, at home and on the go. From classics like the Iced Coconut Latte, the Truffle Meatball sandwich, the STACH meringue and our freshly prepared cheese croissant, to new favorites that are waiting to be discovered.<br><br>Curious about what we have to offer? Take a look at our menus below.\n<\/p><\/div>\n<\/section><section class=\"bde-section-431-565 bde-section\">\n  \n  \n\t\n\n\n\n<div class=\"section-container\"><div class=\"bde-columns-431-566 bde-columns\"><div class=\"bde-column-431-567 bde-column\">\n  \n  \n\t\n\n\n\n<h2 class=\"bde-heading-431-568 bde-heading\">\n<span style=\"font-weight: 400;\">Sandwiches<\/span>\n<\/h2><p class=\"bde-text-431-569 bde-text\">\nDiscover our delicious sandwiches and toasties.\n<\/p><div class=\"bde-button-431-570 bde-button button-primary\">\n    \n                                    \n    \n    \n    \n    \n            \n                    \n            \n            \n\n    \n    \n    \n    \n    \n    <a class=\"breakdance-link button-atom button-atom--primary bde-button__button\" href=\"https:\/\/stach-food.nl\/wp-content\/uploads\/2026\/03\/2601581-SANDWICHES-800x600-STACH-BV-Admiraal-de-Ruijterweg.pdf\" target=\"_blank\" data-type=\"url\"  >\n\n    \n        <span class=\"button-atom__text\">View our sandwiches menu<\/span>\n\n        \n        \n                <\/a>\n\n    \n\n\n<\/div><img decoding=\"async\" class=\"bde-image2-431-623 bde-image2\" src=\"https:\/\/stach-food.nl\/wp-content\/uploads\/2026\/01\/sandwich.gif\" loading=\"lazy\" sizes=\"auto, (max-width: 1659px) 100vw, 1659px\" width=\"200\">\n<\/div><div class=\"bde-column-431-579 bde-column\">\n  \n  \n\t\n\n\n\n<img decoding=\"async\" class=\"bde-image2-431-580 bde-image2\" src=\"https:\/\/stach-food.nl\/wp-content\/uploads\/2025\/12\/STACH_LR_OKTOBER-341-scaled-e1764787729182.jpg\" srcset=\"https:\/\/stach-food.nl\/wp-content\/uploads\/2025\/12\/STACH_LR_OKTOBER-341-scaled-e1764787729182.jpg 1707w, https:\/\/stach-food.nl\/wp-content\/uploads\/2025\/12\/STACH_LR_OKTOBER-341-scaled-e1764787729182-300x300.jpg 300w, https:\/\/stach-food.nl\/wp-content\/uploads\/2025\/12\/STACH_LR_OKTOBER-341-scaled-e1764787729182-1024x1024.jpg 1024w, https:\/\/stach-food.nl\/wp-content\/uploads\/2025\/12\/STACH_LR_OKTOBER-341-scaled-e1764787729182-150x150.jpg 150w, https:\/\/stach-food.nl\/wp-content\/uploads\/2025\/12\/STACH_LR_OKTOBER-341-scaled-e1764787729182-768x768.jpg 768w, https:\/\/stach-food.nl\/wp-content\/uploads\/2025\/12\/STACH_LR_OKTOBER-341-scaled-e1764787729182-1536x1536.jpg 1536w\" sizes=\"(max-width: 1707px) 100vw, 1707px\">\n<\/div><\/div><\/div>\n<\/section><section class=\"bde-section-431-581 bde-section\">\n  \n  \n\t\n\n\n\n<div class=\"section-container\"><div class=\"bde-columns-431-582 bde-columns\"><div class=\"bde-column-431-595 bde-column\">\n  \n  \n\t\n\n\n\n<img decoding=\"async\" class=\"bde-image2-431-596 bde-image2\" src=\"https:\/\/stach-food.nl\/wp-content\/uploads\/2025\/12\/DSC05909-scaled-e1764792527991.jpg\" srcset=\"https:\/\/stach-food.nl\/wp-content\/uploads\/2025\/12\/DSC05909-scaled-e1764792527991.jpg 1707w, https:\/\/stach-food.nl\/wp-content\/uploads\/2025\/12\/DSC05909-scaled-e1764792527991-300x300.jpg 300w, https:\/\/stach-food.nl\/wp-content\/uploads\/2025\/12\/DSC05909-scaled-e1764792527991-1024x1024.jpg 1024w, https:\/\/stach-food.nl\/wp-content\/uploads\/2025\/12\/DSC05909-scaled-e1764792527991-150x150.jpg 150w, https:\/\/stach-food.nl\/wp-content\/uploads\/2025\/12\/DSC05909-scaled-e1764792527991-768x767.jpg 768w, https:\/\/stach-food.nl\/wp-content\/uploads\/2025\/12\/DSC05909-scaled-e1764792527991-1536x1534.jpg 1536w\" sizes=\"(max-width: 1707px) 100vw, 1707px\">\n<\/div><div class=\"bde-column-431-583 bde-column\">\n  \n  \n\t\n\n\n\n<h2 class=\"bde-heading-431-584 bde-heading\">\n<span style=\"font-weight: 400;\">Drinks<\/span>\n<\/h2><p class=\"bde-text-431-585 bde-text\">\nVan barista koffie in de ochtend tot een warme kop gemberthee aan het eind van de middag, we got you.\n<\/p><div class=\"bde-button-431-586 bde-button\">\n    \n                                    \n    \n    \n    \n    \n            \n                    \n            \n            \n\n    \n    \n    \n    \n    \n    <a class=\"breakdance-link button-atom button-atom--primary bde-button__button\" href=\"https:\/\/stach-food.nl\/wp-content\/uploads\/2026\/03\/2601581-DRINKS-800x600-STACH-BV-Admiraal-de-Ruijterweg.pdf\" target=\"_blank\" data-type=\"url\"  >\n\n    \n        <span class=\"button-atom__text\">View our drinks menu<\/span>\n\n        \n        \n                <\/a>\n\n    \n\n\n<\/div><img decoding=\"async\" class=\"bde-image2-431-622 bde-image2\" src=\"https:\/\/stach-food.nl\/wp-content\/uploads\/2026\/01\/Cocktail_rond.png\" loading=\"lazy\" srcset=\"https:\/\/stach-food.nl\/wp-content\/uploads\/2026\/01\/Cocktail_rond.png 1717w, https:\/\/stach-food.nl\/wp-content\/uploads\/2026\/01\/Cocktail_rond-253x300.png 253w, https:\/\/stach-food.nl\/wp-content\/uploads\/2026\/01\/Cocktail_rond-864x1024.png 864w, https:\/\/stach-food.nl\/wp-content\/uploads\/2026\/01\/Cocktail_rond-768x910.png 768w, https:\/\/stach-food.nl\/wp-content\/uploads\/2026\/01\/Cocktail_rond-1297x1536.png 1297w, https:\/\/stach-food.nl\/wp-content\/uploads\/2026\/01\/Cocktail_rond-10x12.png 10w\" sizes=\"auto, (max-width: 1717px) 100vw, 1717px\" width=\"160\">\n<\/div><\/div><\/div>\n<\/section><section id=\"allergenen\" class=\"bde-section-431-613 bde-section\">\n  \n  \n\t\n\n\n\n<div class=\"section-container\"><div class=\"bde-columns-431-614 bde-columns\"><div class=\"bde-column-431-615 bde-column\">\n  \n  \n\t\n\n\n\n<h2 class=\"bde-heading-431-616 bde-heading\">\n<span style=\"font-weight: 400;\">Allergenenkaart<\/span>\n<\/h2><p class=\"bde-text-431-617 bde-text\">\nWe find it important that everyone can make their choice with a good feeling. That is why we have created a clear allergens list.\n<\/p><div class=\"bde-button-431-618 bde-button\">\n    \n                                    \n    \n    \n    \n    \n            \n                    \n            \n            \n\n    \n    \n    \n    \n    \n    <a class=\"breakdance-link button-atom button-atom--primary bde-button__button\" href=\"https:\/\/stach-food.nl\/wp-content\/uploads\/2026\/04\/ALLERGENEN-SS26.pdf\" target=\"_self\" data-type=\"url\"  >\n\n    \n        <span class=\"button-atom__text\">View the allergens list<\/span>\n\n        \n        \n                <\/a>\n\n    \n\n\n<\/div>\n<\/div><div class=\"bde-column-431-619 bde-column\">\n  \n  \n\t\n\n\n\n<img decoding=\"async\" class=\"bde-image2-431-620 bde-image2\" src=\"https:\/\/stach-food.nl\/wp-content\/uploads\/2025\/12\/STACH_November-076-scaled-e1765123354249.jpg\" srcset=\"https:\/\/stach-food.nl\/wp-content\/uploads\/2025\/12\/STACH_November-076-scaled-e1765123354249.jpg 1707w, https:\/\/stach-food.nl\/wp-content\/uploads\/2025\/12\/STACH_November-076-scaled-e1765123354249-300x295.jpg 300w, https:\/\/stach-food.nl\/wp-content\/uploads\/2025\/12\/STACH_November-076-scaled-e1765123354249-1024x1006.jpg 1024w, https:\/\/stach-food.nl\/wp-content\/uploads\/2025\/12\/STACH_November-076-scaled-e1765123354249-768x755.jpg 768w, https:\/\/stach-food.nl\/wp-content\/uploads\/2025\/12\/STACH_November-076-scaled-e1765123354249-1536x1509.jpg 1536w\" sizes=\"(max-width: 1707px) 100vw, 1707px\">\n<\/div><\/div><\/div>\n<\/section>","protected":false},"excerpt":{"rendered":"<p>Assortiment STACH is er voor je op elk moment van de dag; voor heerlijke koffies, de lekkerste koeken, vers belegde broodjes en verrassende producten voor op kantoor, thuis \u00e9n onderweg. Van klassiekers als de Iced Coconut Latte, de Truffle Meatball-sandwich, de STACH-merengue en onze versgemaakte kaascroissant, tot nieuwe favorieten die klaarstaan om ontdekt te worden.Benieuwd [&hellip;]<\/p>","protected":false},"author":1,"featured_media":0,"parent":0,"menu_order":0,"comment_status":"closed","ping_status":"closed","template":"","meta":{"_acf_changed":false,"_breakdance_hide_in_design_set":false,"_breakdance_tags":"","footnotes":""},"class_list":["post-431","page","type-page","status-publish","hentry"],"acf":[],"yoast_head":"<!-- This site is optimized with the Yoast SEO plugin v26.9 - https:\/\/yoast.com\/product\/yoast-seo-wordpress\/ -->\n<title>Menu | STACH<\/title>\n<meta name=\"description\" content=\"Het volledige STACH menu op \u00e9\u00e9n plek. Verse koffies, kaascroissants, sandwiches, zoete klassiekers \u00e9n nieuwe smaken om te ontdekken.\" \/>\n<meta name=\"robots\" content=\"index, follow, max-snippet:-1, max-image-preview:large, max-video-preview:-1\" \/>\n<link rel=\"canonical\" href=\"https:\/\/stach-food.nl\/en\/menu\/\" \/>\n<meta property=\"og:locale\" content=\"en_US\" \/>\n<meta property=\"og:type\" content=\"article\" \/>\n<meta property=\"og:title\" content=\"Menu | STACH\" \/>\n<meta property=\"og:description\" content=\"Het volledige STACH menu op \u00e9\u00e9n plek. Verse koffies, kaascroissants, sandwiches, zoete klassiekers \u00e9n nieuwe smaken om te ontdekken.\" \/>\n<meta property=\"og:url\" content=\"https:\/\/stach-food.nl\/en\/menu\/\" \/>\n<meta property=\"og:site_name\" content=\"STACH\" \/>\n<meta property=\"article:publisher\" content=\"https:\/\/www.facebook.com\/STACH.food\" \/>\n<meta property=\"article:modified_time\" content=\"2026-04-14T12:02:06+00:00\" \/>\n<meta property=\"og:image\" content=\"https:\/\/stach-food.nl\/wp-content\/uploads\/2025\/11\/logo-stach.png\" \/>\n\t<meta property=\"og:image:width\" content=\"225\" \/>\n\t<meta property=\"og:image:height\" content=\"225\" \/>\n\t<meta property=\"og:image:type\" content=\"image\/png\" \/>\n<meta name=\"twitter:card\" content=\"summary_large_image\" \/>\n<meta name=\"twitter:label1\" content=\"Est. reading time\" \/>\n\t<meta name=\"twitter:data1\" content=\"2 minutes\" \/>\n<script type=\"application\/ld+json\" class=\"yoast-schema-graph\">{\"@context\":\"https:\/\/schema.org\",\"@graph\":[{\"@type\":\"WebPage\",\"@id\":\"https:\/\/stach-food.nl\/menu\/\",\"url\":\"https:\/\/stach-food.nl\/menu\/\",\"name\":\"Menu | STACH\",\"isPartOf\":{\"@id\":\"https:\/\/stach-food.nl\/#website\"},\"datePublished\":\"2025-12-02T23:51:17+00:00\",\"dateModified\":\"2026-04-14T12:02:06+00:00\",\"description\":\"Het volledige STACH menu op \u00e9\u00e9n plek. Verse koffies, kaascroissants, sandwiches, zoete klassiekers \u00e9n nieuwe smaken om te ontdekken.\",\"breadcrumb\":{\"@id\":\"https:\/\/stach-food.nl\/menu\/#breadcrumb\"},\"inLanguage\":\"en-US\",\"potentialAction\":[{\"@type\":\"ReadAction\",\"target\":[\"https:\/\/stach-food.nl\/menu\/\"]}]},{\"@type\":\"BreadcrumbList\",\"@id\":\"https:\/\/stach-food.nl\/menu\/#breadcrumb\",\"itemListElement\":[{\"@type\":\"ListItem\",\"position\":1,\"name\":\"Home\",\"item\":\"https:\/\/stach-food.nl\/\"},{\"@type\":\"ListItem\",\"position\":2,\"name\":\"Menu\"}]},{\"@type\":\"WebSite\",\"@id\":\"https:\/\/stach-food.nl\/#website\",\"url\":\"https:\/\/stach-food.nl\/\",\"name\":\"stach-food.nl\",\"description\":\"De hele dag door bij jou in de buurt\",\"publisher\":{\"@id\":\"https:\/\/stach-food.nl\/#organization\"},\"alternateName\":\"STACH\",\"potentialAction\":[{\"@type\":\"SearchAction\",\"target\":{\"@type\":\"EntryPoint\",\"urlTemplate\":\"https:\/\/stach-food.nl\/?s={search_term_string}\"},\"query-input\":{\"@type\":\"PropertyValueSpecification\",\"valueRequired\":true,\"valueName\":\"search_term_string\"}}],\"inLanguage\":\"en-US\"},{\"@type\":\"Organization\",\"@id\":\"https:\/\/stach-food.nl\/#organization\",\"name\":\"STACH\",\"url\":\"https:\/\/stach-food.nl\/\",\"logo\":{\"@type\":\"ImageObject\",\"inLanguage\":\"en-US\",\"@id\":\"https:\/\/stach-food.nl\/#\/schema\/logo\/image\/\",\"url\":\"https:\/\/stach-food.nl\/wp-content\/uploads\/2025\/11\/STACH_logo.png\",\"contentUrl\":\"https:\/\/stach-food.nl\/wp-content\/uploads\/2025\/11\/STACH_logo.png\",\"width\":1538,\"height\":992,\"caption\":\"STACH\"},\"image\":{\"@id\":\"https:\/\/stach-food.nl\/#\/schema\/logo\/image\/\"},\"sameAs\":[\"https:\/\/www.facebook.com\/STACH.food\",\"https:\/\/www.instagram.com\/stach_food\/\",\"https:\/\/www.linkedin.com\/company\/stach-bv\/\"]}]}<\/script>\n<!-- \/ Yoast SEO plugin. -->","yoast_head_json":{"title":"Menu | STACH","description":"Het volledige STACH menu op \u00e9\u00e9n plek. Verse koffies, kaascroissants, sandwiches, zoete klassiekers \u00e9n nieuwe smaken om te ontdekken.","robots":{"index":"index","follow":"follow","max-snippet":"max-snippet:-1","max-image-preview":"max-image-preview:large","max-video-preview":"max-video-preview:-1"},"canonical":"https:\/\/stach-food.nl\/en\/menu\/","og_locale":"en_US","og_type":"article","og_title":"Menu | STACH","og_description":"Het volledige STACH menu op \u00e9\u00e9n plek. Verse koffies, kaascroissants, sandwiches, zoete klassiekers \u00e9n nieuwe smaken om te ontdekken.","og_url":"https:\/\/stach-food.nl\/en\/menu\/","og_site_name":"STACH","article_publisher":"https:\/\/www.facebook.com\/STACH.food","article_modified_time":"2026-04-14T12:02:06+00:00","og_image":[{"width":225,"height":225,"url":"https:\/\/stach-food.nl\/wp-content\/uploads\/2025\/11\/logo-stach.png","type":"image\/png"}],"twitter_card":"summary_large_image","twitter_misc":{"Est. reading time":"2 minutes"},"schema":{"@context":"https:\/\/schema.org","@graph":[{"@type":"WebPage","@id":"https:\/\/stach-food.nl\/menu\/","url":"https:\/\/stach-food.nl\/menu\/","name":"Menu | STACH","isPartOf":{"@id":"https:\/\/stach-food.nl\/#website"},"datePublished":"2025-12-02T23:51:17+00:00","dateModified":"2026-04-14T12:02:06+00:00","description":"Het volledige STACH menu op \u00e9\u00e9n plek. Verse koffies, kaascroissants, sandwiches, zoete klassiekers \u00e9n nieuwe smaken om te ontdekken.","breadcrumb":{"@id":"https:\/\/stach-food.nl\/menu\/#breadcrumb"},"inLanguage":"en-US","potentialAction":[{"@type":"ReadAction","target":["https:\/\/stach-food.nl\/menu\/"]}]},{"@type":"BreadcrumbList","@id":"https:\/\/stach-food.nl\/menu\/#breadcrumb","itemListElement":[{"@type":"ListItem","position":1,"name":"Home","item":"https:\/\/stach-food.nl\/"},{"@type":"ListItem","position":2,"name":"Menu"}]},{"@type":"WebSite","@id":"https:\/\/stach-food.nl\/#website","url":"https:\/\/stach-food.nl\/","name":"stach-food.nl","description":"De hele dag door bij jou in de buurt","publisher":{"@id":"https:\/\/stach-food.nl\/#organization"},"alternateName":"STACH","potentialAction":[{"@type":"SearchAction","target":{"@type":"EntryPoint","urlTemplate":"https:\/\/stach-food.nl\/?s={search_term_string}"},"query-input":{"@type":"PropertyValueSpecification","valueRequired":true,"valueName":"search_term_string"}}],"inLanguage":"en-US"},{"@type":"Organization","@id":"https:\/\/stach-food.nl\/#organization","name":"STACH","url":"https:\/\/stach-food.nl\/","logo":{"@type":"ImageObject","inLanguage":"en-US","@id":"https:\/\/stach-food.nl\/#\/schema\/logo\/image\/","url":"https:\/\/stach-food.nl\/wp-content\/uploads\/2025\/11\/STACH_logo.png","contentUrl":"https:\/\/stach-food.nl\/wp-content\/uploads\/2025\/11\/STACH_logo.png","width":1538,"height":992,"caption":"STACH"},"image":{"@id":"https:\/\/stach-food.nl\/#\/schema\/logo\/image\/"},"sameAs":["https:\/\/www.facebook.com\/STACH.food","https:\/\/www.instagram.com\/stach_food\/","https:\/\/www.linkedin.com\/company\/stach-bv\/"]}]}},"_links":{"self":[{"href":"https:\/\/stach-food.nl\/en\/wp-json\/wp\/v2\/pages\/431","targetHints":{"allow":["GET"]}}],"collection":[{"href":"https:\/\/stach-food.nl\/en\/wp-json\/wp\/v2\/pages"}],"about":[{"href":"https:\/\/stach-food.nl\/en\/wp-json\/wp\/v2\/types\/page"}],"author":[{"embeddable":true,"href":"https:\/\/stach-food.nl\/en\/wp-json\/wp\/v2\/users\/1"}],"replies":[{"embeddable":true,"href":"https:\/\/stach-food.nl\/en\/wp-json\/wp\/v2\/comments?post=431"}],"version-history":[{"count":95,"href":"https:\/\/stach-food.nl\/en\/wp-json\/wp\/v2\/pages\/431\/revisions"}],"predecessor-version":[{"id":1681,"href":"https:\/\/stach-food.nl\/en\/wp-json\/wp\/v2\/pages\/431\/revisions\/1681"}],"wp:attachment":[{"href":"https:\/\/stach-food.nl\/en\/wp-json\/wp\/v2\/media?parent=431"}],"curies":[{"name":"wp","href":"https:\/\/api.w.org\/{rel}","templated":true}]}}